{"id":2952,"date":"2021-09-24T21:54:57","date_gmt":"2021-09-24T19:54:57","guid":{"rendered":"https:\/\/travelingroup.com\/budget-request-groups\/"},"modified":"2022-06-01T16:17:00","modified_gmt":"2022-06-01T14:17:00","slug":"budget-request-groups","status":"publish","type":"page","link":"https:\/\/travelingroup.com\/es\/budget-request-groups\/","title":{"rendered":"La Solicitud De Presupuesto Para Grupos"},"content":{"rendered":"\n<ul class=\"wp-block-list\"><li>&nbsp;<\/li><li>&nbsp;<\/li><li>&nbsp;<\/li><\/ul>\n\n\n\n<h3 class=\"wp-block-heading\">Grupos de solicitud de presupuesto<\/h3>\n\n\n\n<h1 class=\"wp-block-heading\">Estamos aqu\u00ed para ayudarlo con su viaje<\/h1>\n\n\n\n<h2 class=\"wp-block-heading\">Contacta con nosotros y reserva el hostel de tus sue\u00f1os<\/h2>\n\n\n\n<h3 class=\"wp-block-heading\">Nos encantan los grupos<\/h3>\n\n\n\n<h2 class=\"wp-block-heading\">Espa\u00f1a es una aventura. aseg\u00farese de reservar su albergue con nosotros hoy.<\/h2>\n\n\n\n<figure class=\"wp-block-image\"><img decoding=\"async\" src=\"https:\/\/travelingroup.com\/wp-content\/uploads\/2021\/09\/Picture-Form.png\" alt=\"\"\/><\/figure>\n\n\n\n<h2 class=\"wp-block-heading\">Si\u00e9ntase libre de contactarnos para m\u00e1s informaci\u00f3n<\/h2>\n\n\n\n<ul class=\"wp-block-list\"><li>&nbsp;<\/li><li>&nbsp;<\/li><li>&nbsp;<\/li><li>&nbsp;<\/li><li>&nbsp;<\/li><li>&nbsp;<\/li><li>&nbsp;<\/li><\/ul>\n\n\n\n<h2 class=\"wp-block-heading\">D\u00f3nde puedes encontrarnos<\/h2>\n\n\n\n<h2 class=\"wp-block-heading\">01.<\/h2>\n\n\n\n<h3 class=\"wp-block-heading\">N\u00famero de tel\u00e9fono<\/h3>\n\n\n\n<p>+33-700-5558-83<\/p>\n\n\n\n<h2 class=\"wp-block-heading\">02.<\/h2>\n\n\n\n<h3 class=\"wp-block-heading\">Nuestra direcci\u00f3n<\/h3>\n\n\n\n<p>75 rue La Boetie, Paris<\/p>\n\n\n\n<h2 class=\"wp-block-heading\">03.<\/h2>\n\n\n\n<h3 class=\"wp-block-heading\">Nuestro correo electr\u00f3nico<\/h3>\n\n\n\n<p>itour@info.com<\/p>\n\n\n\n<p><a href=\"https:\/\/travelingroup.com\/wp-content\/uploads\/2021\/09\/Gallery-2.png\" data-elementor-open-lightbox=\"yes\" data-elementor-lightbox-slideshow=\"all-11b896ac\"><br><\/a><br><a href=\"https:\/\/travelingroup.com\/wp-content\/uploads\/2021\/09\/Gallery3.png\" data-elementor-open-lightbox=\"yes\" data-elementor-lightbox-slideshow=\"all-11b896ac\"><br><\/a><br><a href=\"https:\/\/travelingroup.com\/wp-content\/uploads\/2021\/09\/Gallery4.png\" data-elementor-open-lightbox=\"yes\" data-elementor-lightbox-slideshow=\"all-11b896ac\"><br><\/a><br><a href=\"https:\/\/travelingroup.com\/wp-content\/uploads\/2021\/09\/Gallery5.png\" data-elementor-open-lightbox=\"yes\" data-elementor-lightbox-slideshow=\"all-11b896ac\"><br><\/a><br><a href=\"https:\/\/travelingroup.com\/wp-content\/uploads\/2021\/09\/Gallery6.png\" data-elementor-open-lightbox=\"yes\" data-elementor-lightbox-slideshow=\"all-11b896ac\"><br><\/a><br><a href=\"https:\/\/travelingroup.com\/wp-content\/uploads\/2021\/09\/Gallery7.png\" data-elementor-open-lightbox=\"yes\" data-elementor-lightbox-slideshow=\"all-11b896ac\"><br><\/a><br><a href=\"https:\/\/travelingroup.com\/wp-content\/uploads\/2021\/09\/Gallery8.png\" data-elementor-open-lightbox=\"yes\" data-elementor-lightbox-slideshow=\"all-11b896ac\"><br><\/a><br><a href=\"https:\/\/travelingroup.com\/wp-content\/uploads\/2021\/09\/Gallery9.png\" data-elementor-open-lightbox=\"yes\" data-elementor-lightbox-slideshow=\"all-11b896ac\"><br><\/a><br><a href=\"https:\/\/travelingroup.com\/wp-content\/uploads\/2021\/09\/Gallery10.png\" data-elementor-open-lightbox=\"yes\" data-elementor-lightbox-slideshow=\"all-11b896ac\"><br><\/a><br><a href=\"https:\/\/travelingroup.com\/wp-content\/uploads\/2021\/09\/Gallery13.png\" data-elementor-open-lightbox=\"yes\" data-elementor-lightbox-slideshow=\"all-11b896ac\"><br><\/a><br><a href=\"https:\/\/travelingroup.com\/wp-content\/uploads\/2021\/09\/Gallery11.png\" data-elementor-open-lightbox=\"yes\" data-elementor-lightbox-slideshow=\"all-11b896ac\"><br><\/a><br><a href=\"https:\/\/travelingroup.com\/wp-content\/uploads\/2021\/09\/Gallery12.png\" data-elementor-open-lightbox=\"yes\" data-elementor-lightbox-slideshow=\"all-11b896ac\"><br><\/a><\/p>\n","protected":false},"excerpt":{"rendered":"<p>&nbsp; &nbsp; &nbsp; Grupos de solicitud de presupuesto Estamos aqu\u00ed para ayudarlo con su viaje Contacta con nosotros y reserva el hostel de tus sue\u00f1os Nos encantan los grupos Espa\u00f1a es una aventura. aseg\u00farese de reservar su albergue con nosotros hoy. Si\u00e9ntase libre de contactarnos para m\u00e1s informaci\u00f3n &nbsp; &nbsp; &nbsp; &nbsp; &nbsp; &nbsp; &nbsp; [&hellip;]<\/p>\n","protected":false},"author":4,"featured_media":0,"parent":0,"menu_order":0,"comment_status":"closed","ping_status":"closed","template":"elementor_header_footer","meta":{"footnotes":""},"class_list":["post-2952","page","type-page","status-publish","hentry"],"yoast_head":"<!-- This site is optimized with the Yoast SEO plugin v27.3 - https:\/\/yoast.com\/product\/yoast-seo-wordpress\/ -->\n<title>La Solicitud De Presupuesto Para Grupos &#183; Travel in Group \ud83e\udd47 Budgets for Valencia, Barcelona<\/title>\n<meta name=\"robots\" content=\"index, follow, max-snippet:-1, max-image-preview:large, max-video-preview:-1\" \/>\n<link rel=\"canonical\" href=\"https:\/\/travelingroup.com\/es\/budget-request-groups\/\" \/>\n<meta property=\"og:locale\" content=\"es_ES\" \/>\n<meta property=\"og:type\" content=\"article\" \/>\n<meta property=\"og:title\" content=\"La Solicitud De Presupuesto Para Grupos &#183; Travel in Group \ud83e\udd47 Budgets for Valencia, Barcelona\" \/>\n<meta property=\"og:description\" content=\"&nbsp; &nbsp; &nbsp; Grupos de solicitud de presupuesto Estamos aqu\u00ed para ayudarlo con su viaje Contacta con nosotros y reserva el hostel de tus sue\u00f1os Nos encantan los grupos Espa\u00f1a es una aventura. aseg\u00farese de reservar su albergue con nosotros hoy. Si\u00e9ntase libre de contactarnos para m\u00e1s informaci\u00f3n &nbsp; &nbsp; &nbsp; &nbsp; &nbsp; &nbsp; &nbsp; [&hellip;]\" \/>\n<meta property=\"og:url\" content=\"https:\/\/travelingroup.com\/es\/budget-request-groups\/\" \/>\n<meta property=\"og:site_name\" content=\"Travel in Group \ud83e\udd47 Budgets for Valencia, Barcelona\" \/>\n<meta property=\"article:publisher\" content=\"https:\/\/www.facebook.com\/TravelinGroupSpain\" \/>\n<meta property=\"article:modified_time\" content=\"2022-06-01T14:17:00+00:00\" \/>\n<meta property=\"og:image\" content=\"https:\/\/travelingroup.com\/wp-content\/uploads\/2021\/09\/Picture-Form.png\" \/>\n<meta name=\"twitter:card\" content=\"summary_large_image\" \/>\n<meta name=\"twitter:site\" content=\"@TravelinGroup\" \/>\n<meta name=\"twitter:label1\" content=\"Tiempo de lectura\" \/>\n\t<meta name=\"twitter:data1\" content=\"1 minuto\" \/>\n<script type=\"application\/ld+json\" class=\"yoast-schema-graph\">{\"@context\":\"https:\\\/\\\/schema.org\",\"@graph\":[{\"@type\":\"WebPage\",\"@id\":\"https:\\\/\\\/travelingroup.com\\\/es\\\/budget-request-groups\\\/\",\"url\":\"https:\\\/\\\/travelingroup.com\\\/es\\\/budget-request-groups\\\/\",\"name\":\"La Solicitud De Presupuesto Para Grupos &#183; Travel in Group \ud83e\udd47 Budgets for Valencia, Barcelona\",\"isPartOf\":{\"@id\":\"https:\\\/\\\/travelingroup.com\\\/es\\\/#website\"},\"primaryImageOfPage\":{\"@id\":\"https:\\\/\\\/travelingroup.com\\\/es\\\/budget-request-groups\\\/#primaryimage\"},\"image\":{\"@id\":\"https:\\\/\\\/travelingroup.com\\\/es\\\/budget-request-groups\\\/#primaryimage\"},\"thumbnailUrl\":\"https:\\\/\\\/travelingroup.com\\\/wp-content\\\/uploads\\\/2021\\\/09\\\/Picture-Form.png\",\"datePublished\":\"2021-09-24T19:54:57+00:00\",\"dateModified\":\"2022-06-01T14:17:00+00:00\",\"breadcrumb\":{\"@id\":\"https:\\\/\\\/travelingroup.com\\\/es\\\/budget-request-groups\\\/#breadcrumb\"},\"inLanguage\":\"es\",\"potentialAction\":[{\"@type\":\"ReadAction\",\"target\":[\"https:\\\/\\\/travelingroup.com\\\/es\\\/budget-request-groups\\\/\"]}]},{\"@type\":\"ImageObject\",\"inLanguage\":\"es\",\"@id\":\"https:\\\/\\\/travelingroup.com\\\/es\\\/budget-request-groups\\\/#primaryimage\",\"url\":\"https:\\\/\\\/travelingroup.com\\\/wp-content\\\/uploads\\\/2021\\\/09\\\/Picture-Form.png\",\"contentUrl\":\"https:\\\/\\\/travelingroup.com\\\/wp-content\\\/uploads\\\/2021\\\/09\\\/Picture-Form.png\"},{\"@type\":\"BreadcrumbList\",\"@id\":\"https:\\\/\\\/travelingroup.com\\\/es\\\/budget-request-groups\\\/#breadcrumb\",\"itemListElement\":[{\"@type\":\"ListItem\",\"position\":1,\"name\":\"Home\",\"item\":\"https:\\\/\\\/travelingroup.com\\\/es\\\/\"},{\"@type\":\"ListItem\",\"position\":2,\"name\":\"La Solicitud De Presupuesto Para Grupos\"}]},{\"@type\":\"WebSite\",\"@id\":\"https:\\\/\\\/travelingroup.com\\\/es\\\/#website\",\"url\":\"https:\\\/\\\/travelingroup.com\\\/es\\\/\",\"name\":\"Travel in Group \ud83e\udd47 Budgets for Valencia, Barcelona\",\"description\":\"Travel in group to Spain. Budgets for Valencia,Barcelona, Seville youth hostels \u2705 Safe \u2705 clean and \u2705 cheapest accommodations\",\"publisher\":{\"@id\":\"https:\\\/\\\/travelingroup.com\\\/es\\\/#organization\"},\"potentialAction\":[{\"@type\":\"SearchAction\",\"target\":{\"@type\":\"EntryPoint\",\"urlTemplate\":\"https:\\\/\\\/travelingroup.com\\\/es\\\/?s={search_term_string}\"},\"query-input\":{\"@type\":\"PropertyValueSpecification\",\"valueRequired\":true,\"valueName\":\"search_term_string\"}}],\"inLanguage\":\"es\"},{\"@type\":\"Organization\",\"@id\":\"https:\\\/\\\/travelingroup.com\\\/es\\\/#organization\",\"name\":\"Travelling in groups to Spain. Budgets for hostels of Valencia, Barcelona\",\"url\":\"https:\\\/\\\/travelingroup.com\\\/es\\\/\",\"logo\":{\"@type\":\"ImageObject\",\"inLanguage\":\"es\",\"@id\":\"https:\\\/\\\/travelingroup.com\\\/es\\\/#\\\/schema\\\/logo\\\/image\\\/\",\"url\":\"\",\"contentUrl\":\"\",\"caption\":\"Travelling in groups to Spain. Budgets for hostels of Valencia, Barcelona\"},\"image\":{\"@id\":\"https:\\\/\\\/travelingroup.com\\\/es\\\/#\\\/schema\\\/logo\\\/image\\\/\"},\"sameAs\":[\"https:\\\/\\\/www.facebook.com\\\/TravelinGroupSpain\",\"https:\\\/\\\/x.com\\\/TravelinGroup\",\"https:\\\/\\\/www.instagram.com\\\/travellingroup\\\/\",\"https:\\\/\\\/www.linkedin.com\\\/company\\\/travelingroup\",\"https:\\\/\\\/www.youtube.com\\\/channel\\\/UCpgLZyj7pdkU5PzZgkSWTHw\"]}]}<\/script>\n<!-- \/ Yoast SEO plugin. -->","yoast_head_json":{"title":"La Solicitud De Presupuesto Para Grupos &#183; Travel in Group \ud83e\udd47 Budgets for Valencia, Barcelona","robots":{"index":"index","follow":"follow","max-snippet":"max-snippet:-1","max-image-preview":"max-image-preview:large","max-video-preview":"max-video-preview:-1"},"canonical":"https:\/\/travelingroup.com\/es\/budget-request-groups\/","og_locale":"es_ES","og_type":"article","og_title":"La Solicitud De Presupuesto Para Grupos &#183; Travel in Group \ud83e\udd47 Budgets for Valencia, Barcelona","og_description":"&nbsp; &nbsp; &nbsp; Grupos de solicitud de presupuesto Estamos aqu\u00ed para ayudarlo con su viaje Contacta con nosotros y reserva el hostel de tus sue\u00f1os Nos encantan los grupos Espa\u00f1a es una aventura. aseg\u00farese de reservar su albergue con nosotros hoy. Si\u00e9ntase libre de contactarnos para m\u00e1s informaci\u00f3n &nbsp; &nbsp; &nbsp; &nbsp; &nbsp; &nbsp; &nbsp; [&hellip;]","og_url":"https:\/\/travelingroup.com\/es\/budget-request-groups\/","og_site_name":"Travel in Group \ud83e\udd47 Budgets for Valencia, Barcelona","article_publisher":"https:\/\/www.facebook.com\/TravelinGroupSpain","article_modified_time":"2022-06-01T14:17:00+00:00","og_image":[{"url":"https:\/\/travelingroup.com\/wp-content\/uploads\/2021\/09\/Picture-Form.png","type":"","width":"","height":""}],"twitter_card":"summary_large_image","twitter_site":"@TravelinGroup","twitter_misc":{"Tiempo de lectura":"1 minuto"},"schema":{"@context":"https:\/\/schema.org","@graph":[{"@type":"WebPage","@id":"https:\/\/travelingroup.com\/es\/budget-request-groups\/","url":"https:\/\/travelingroup.com\/es\/budget-request-groups\/","name":"La Solicitud De Presupuesto Para Grupos &#183; Travel in Group \ud83e\udd47 Budgets for Valencia, Barcelona","isPartOf":{"@id":"https:\/\/travelingroup.com\/es\/#website"},"primaryImageOfPage":{"@id":"https:\/\/travelingroup.com\/es\/budget-request-groups\/#primaryimage"},"image":{"@id":"https:\/\/travelingroup.com\/es\/budget-request-groups\/#primaryimage"},"thumbnailUrl":"https:\/\/travelingroup.com\/wp-content\/uploads\/2021\/09\/Picture-Form.png","datePublished":"2021-09-24T19:54:57+00:00","dateModified":"2022-06-01T14:17:00+00:00","breadcrumb":{"@id":"https:\/\/travelingroup.com\/es\/budget-request-groups\/#breadcrumb"},"inLanguage":"es","potentialAction":[{"@type":"ReadAction","target":["https:\/\/travelingroup.com\/es\/budget-request-groups\/"]}]},{"@type":"ImageObject","inLanguage":"es","@id":"https:\/\/travelingroup.com\/es\/budget-request-groups\/#primaryimage","url":"https:\/\/travelingroup.com\/wp-content\/uploads\/2021\/09\/Picture-Form.png","contentUrl":"https:\/\/travelingroup.com\/wp-content\/uploads\/2021\/09\/Picture-Form.png"},{"@type":"BreadcrumbList","@id":"https:\/\/travelingroup.com\/es\/budget-request-groups\/#breadcrumb","itemListElement":[{"@type":"ListItem","position":1,"name":"Home","item":"https:\/\/travelingroup.com\/es\/"},{"@type":"ListItem","position":2,"name":"La Solicitud De Presupuesto Para Grupos"}]},{"@type":"WebSite","@id":"https:\/\/travelingroup.com\/es\/#website","url":"https:\/\/travelingroup.com\/es\/","name":"Travel in Group \ud83e\udd47 Budgets for Valencia, Barcelona","description":"Travel in group to Spain. Budgets for Valencia,Barcelona, Seville youth hostels \u2705 Safe \u2705 clean and \u2705 cheapest accommodations","publisher":{"@id":"https:\/\/travelingroup.com\/es\/#organization"},"potentialAction":[{"@type":"SearchAction","target":{"@type":"EntryPoint","urlTemplate":"https:\/\/travelingroup.com\/es\/?s={search_term_string}"},"query-input":{"@type":"PropertyValueSpecification","valueRequired":true,"valueName":"search_term_string"}}],"inLanguage":"es"},{"@type":"Organization","@id":"https:\/\/travelingroup.com\/es\/#organization","name":"Travelling in groups to Spain. Budgets for hostels of Valencia, Barcelona","url":"https:\/\/travelingroup.com\/es\/","logo":{"@type":"ImageObject","inLanguage":"es","@id":"https:\/\/travelingroup.com\/es\/#\/schema\/logo\/image\/","url":"","contentUrl":"","caption":"Travelling in groups to Spain. Budgets for hostels of Valencia, Barcelona"},"image":{"@id":"https:\/\/travelingroup.com\/es\/#\/schema\/logo\/image\/"},"sameAs":["https:\/\/www.facebook.com\/TravelinGroupSpain","https:\/\/x.com\/TravelinGroup","https:\/\/www.instagram.com\/travellingroup\/","https:\/\/www.linkedin.com\/company\/travelingroup","https:\/\/www.youtube.com\/channel\/UCpgLZyj7pdkU5PzZgkSWTHw"]}]}},"_links":{"self":[{"href":"https:\/\/travelingroup.com\/es\/wp-json\/wp\/v2\/pages\/2952","targetHints":{"allow":["GET"]}}],"collection":[{"href":"https:\/\/travelingroup.com\/es\/wp-json\/wp\/v2\/pages"}],"about":[{"href":"https:\/\/travelingroup.com\/es\/wp-json\/wp\/v2\/types\/page"}],"author":[{"embeddable":true,"href":"https:\/\/travelingroup.com\/es\/wp-json\/wp\/v2\/users\/4"}],"replies":[{"embeddable":true,"href":"https:\/\/travelingroup.com\/es\/wp-json\/wp\/v2\/comments?post=2952"}],"version-history":[{"count":0,"href":"https:\/\/travelingroup.com\/es\/wp-json\/wp\/v2\/pages\/2952\/revisions"}],"wp:attachment":[{"href":"https:\/\/travelingroup.com\/es\/wp-json\/wp\/v2\/media?parent=2952"}],"curies":[{"name":"wp","href":"https:\/\/api.w.org\/{rel}","templated":true}]}}