{"id":2942,"date":"2021-09-24T21:55:32","date_gmt":"2021-09-24T19:55:32","guid":{"rendered":"https:\/\/travelingroup.com\/about-us\/"},"modified":"2022-06-01T15:46:11","modified_gmt":"2022-06-01T13:46:11","slug":"sobre-nosotros","status":"publish","type":"page","link":"https:\/\/travelingroup.com\/es\/sobre-nosotros\/","title":{"rendered":"Sobre Nosotros"},"content":{"rendered":"\n<ul class=\"wp-block-list\"><li><a href=\"https:\/\/www.facebook.com\/TravelinGroupSpain\" target=\"_blank\" rel=\"noopener\"><br><br><\/a><\/li><li><a href=\"https:\/\/twitter.com\/TravelinGroup\" target=\"_blank\" rel=\"noopener\"><br><br><\/a><\/li><li><a href=\"https:\/\/www.linkedin.com\/company\/travelingroup\" target=\"_blank\" rel=\"noopener\"><br><br><\/a><\/li><li><a href=\"https:\/\/www.instagram.com\/travellingroup\/\" target=\"_blank\" rel=\"noopener\"><br><br><\/a><\/li><\/ul>\n\n\n\n<h3 class=\"wp-block-heading\">Aprende sobre nosotros.<\/h3>\n\n\n\n<h1 class=\"wp-block-heading\">Estamos encantados de ayudarte a reservar un albergue juvenil.<\/h1>\n\n\n\n<h2 class=\"wp-block-heading\">Nos encanta explorar nuevos destinos en todo el mundo.<\/h2>\n\n\n\n<p>Nuestra principal misi\u00f3n es ofrecer siempre una excelente experiencia local de las mejores ciudades de Espa\u00f1a a viajeros y grupos de viajeros, haci\u00e9ndoles sentir como en casa dentro del hostel y contagiando nuestra pasi\u00f3n por la ciudad fuera de \u00e9l.<\/p>\n\n\n\n<p>Tenemos contacto directo con hostels y alojamientos en Barcelona y Valencia, lo que supone un ahorro para tu grupo al evitar los costes por reservas o comisiones que generan otros canales de venta.<\/p>\n\n\n\n<figure class=\"wp-block-image\"><img decoding=\"async\" src=\"https:\/\/travelingroup.com\/wp-content\/uploads\/2021\/10\/02red-nest-min-1024x1024.png\" alt=\"\"\/><\/figure>\n\n\n\n<figure class=\"wp-block-image\"><img decoding=\"async\" src=\"https:\/\/travelingroup.com\/wp-content\/uploads\/2021\/10\/03purple-nest-min-1024x1024.png\" alt=\"\"\/><\/figure>\n\n\n\n<figure class=\"wp-block-image\"><img decoding=\"async\" src=\"https:\/\/travelingroup.com\/wp-content\/uploads\/2021\/10\/04purple-nest-min-1024x1024.png\" alt=\"\"\/><\/figure>\n\n\n\n<h3 class=\"wp-block-heading\">Albergues juveniles hechos a tu medida<\/h3>\n\n\n\n<h2 class=\"wp-block-heading\">Brindamos albergues especiales<\/h2>\n\n\n\n<p>y experiencias por toda Espa\u00f1a.<\/p>\n\n\n\n<h3 class=\"wp-block-heading\">Esta es nuestra pasi\u00f3n<\/h3>\n\n\n\n<p>Nuestro Core Business es un alojamiento asequible para j\u00f3venes internacionales (Mochileros en Valencia y Barcelona) y para diferentes tipos de grupos de viajeros: grupos escolares, grupos deportivos, grupos universitarios, familias y despedidas de soltero. Vendemos alojamiento en habitaciones compartidas o privadas, desde desayuno hasta pensi\u00f3n completa y todo tipo de actividades de ocio y deportivas.<\/p>\n\n\n\n<h2 class=\"wp-block-heading\">Buena gente. Lugares incre\u00edbles. Hermosos albergues<\/h2>\n\n\n\n<p><a role=\"button\" href=\"https:\/\/travelingroup.com\/es\/budget-request-groups\/\"><br><br><\/a><a href=\"https:\/\/travelingroup.com\/es\/budget-request-groups\/\">reservar un albergue hoy<\/a><a role=\"button\" href=\"https:\/\/travelingroup.com\/es\/budget-request-groups\/\"><br><\/a><\/p>\n\n\n\n<h2 class=\"wp-block-heading\">Lo que Viajar en Grupo Puede Ofrecerte<\/h2>\n\n\n\n<p>M\u00e1s de 10 a\u00f1os recibiendo Grupos.<br>Y ofreciendo un alojamiento de calidad para los viajeros. Uno de nuestros objetivos es proporcionar experiencias de viajes en grupo a trav\u00e9s de diferentes opciones de reserva y con diferentes ofertas y promociones para cada tipo de grupo que acogemos en nuestros establecimientos.<\/p>\n\n\n\n<h3 class=\"wp-block-heading\">Precios Sin Intermediarios<\/h3>\n\n\n\n<p>Todos los precios que gestionamos son precios directos con nuestros partners.<\/p>\n\n\n\n<h3 class=\"wp-block-heading\">Cancelaci\u00f3n flexible<\/h3>\n\n\n\n<p>Te ayudamos a gestionar la reserva de tu grupo al mejor precio online<\/p>\n\n\n\n<h3 class=\"wp-block-heading\">Apto para grupos grandes<\/h3>\n\n\n\n<p>La gran mayor\u00eda de nuestros socios cuentan con establecimientos amplios, espaciosos y confortables.<\/p>\n\n\n\n<h3 class=\"wp-block-heading\">Sin cargos ni gastos ocultos<\/h3>\n\n\n\n<p>No nos gusta que haya sorpresas en los precios finales, sabemos que a ti tampoco.<\/p>\n\n\n\n<h3 class=\"wp-block-heading\">Conoce al equipo<\/h3>\n\n\n\n<h2 class=\"wp-block-heading\">Juan<\/h2>\n\n\n\n<figure class=\"wp-block-image\"><img decoding=\"async\" src=\"https:\/\/travelingroup.com\/wp-content\/uploads\/2021\/10\/juan-operaciones.png\" alt=\"\"\/><\/figure>\n\n\n\n<h2 class=\"wp-block-heading\">Maria<\/h2>\n\n\n\n<figure class=\"wp-block-image\"><img decoding=\"async\" src=\"https:\/\/travelingroup.com\/wp-content\/uploads\/2021\/10\/maria-comercial.png\" alt=\"\"\/><\/figure>\n\n\n\n<h2 class=\"wp-block-heading\">Leticia<\/h2>\n\n\n\n<figure class=\"wp-block-image\"><img decoding=\"async\" src=\"https:\/\/travelingroup.com\/wp-content\/uploads\/2021\/10\/leticia-comercial.png\" alt=\"\"\/><\/figure>\n","protected":false},"excerpt":{"rendered":"<p>Aprende sobre nosotros. Estamos encantados de ayudarte a reservar un albergue juvenil. Nos encanta explorar nuevos destinos en todo el mundo. Nuestra principal misi\u00f3n es ofrecer siempre una excelente experiencia local de las mejores ciudades de Espa\u00f1a a viajeros y grupos de viajeros, haci\u00e9ndoles sentir como en casa dentro del hostel y contagiando nuestra pasi\u00f3n [&hellip;]<\/p>\n","protected":false},"author":4,"featured_media":0,"parent":0,"menu_order":0,"comment_status":"closed","ping_status":"closed","template":"elementor_header_footer","meta":{"footnotes":""},"class_list":["post-2942","page","type-page","status-publish","hentry"],"yoast_head":"<!-- This site is optimized with the Yoast SEO plugin v27.3 - https:\/\/yoast.com\/product\/yoast-seo-wordpress\/ -->\n<title>Travel in Group \ud83e\udd47 Budgets for Valencia, Barcelona Sobre Nosotros &#183;<\/title>\n<meta name=\"description\" content=\"Sobre nosotros. Nosotros como equipo para organizar y proporcionar alojamiento para grupos. Organizamos grupos en Barcelona, Valencia y toda Espa\u00f1a\" \/>\n<meta name=\"robots\" content=\"index, follow, max-snippet:-1, max-image-preview:large, max-video-preview:-1\" \/>\n<link rel=\"canonical\" href=\"https:\/\/travelingroup.com\/es\/sobre-nosotros\/\" \/>\n<meta property=\"og:locale\" content=\"es_ES\" \/>\n<meta property=\"og:type\" content=\"article\" \/>\n<meta property=\"og:title\" content=\"About us. We as a team to organize &amp; provide accommodation for groups\" \/>\n<meta property=\"og:description\" content=\"About us. We as a team to organize &amp; provide accommodation for groups. We organize groups in Barcelona, Valencia and all Spain\" \/>\n<meta property=\"og:url\" content=\"https:\/\/travelingroup.com\/es\/sobre-nosotros\/\" \/>\n<meta property=\"og:site_name\" content=\"Travel in Group \ud83e\udd47 Budgets for Valencia, Barcelona\" \/>\n<meta property=\"article:publisher\" content=\"https:\/\/www.facebook.com\/TravelinGroupSpain\" \/>\n<meta property=\"article:modified_time\" content=\"2022-06-01T13:46:11+00:00\" \/>\n<meta property=\"og:image\" content=\"https:\/\/travelingroup.com\/wp-content\/uploads\/2021\/10\/header-travelingroup-min.png\" \/>\n\t<meta property=\"og:image:width\" content=\"1920\" \/>\n\t<meta property=\"og:image:height\" content=\"1000\" \/>\n\t<meta property=\"og:image:type\" content=\"image\/png\" \/>\n<meta name=\"twitter:card\" content=\"summary_large_image\" \/>\n<meta name=\"twitter:title\" content=\"About us. We as a team to organize &amp; provide accommodation for groups\" \/>\n<meta name=\"twitter:description\" content=\"About us. We as a team to organize &amp; provide accommodation for groups. We organize groups in Barcelona, Valencia and other cities of Spain\" \/>\n<meta name=\"twitter:image\" content=\"https:\/\/travelingroup.com\/wp-content\/uploads\/2021\/10\/header-travelingroup-min.png\" \/>\n<meta name=\"twitter:site\" content=\"@TravelinGroup\" \/>\n<meta name=\"twitter:label1\" content=\"Tiempo de lectura\" \/>\n\t<meta name=\"twitter:data1\" content=\"3 minutos\" \/>\n<script type=\"application\/ld+json\" class=\"yoast-schema-graph\">{\"@context\":\"https:\\\/\\\/schema.org\",\"@graph\":[{\"@type\":[\"WebPage\",\"AboutPage\"],\"@id\":\"https:\\\/\\\/travelingroup.com\\\/es\\\/sobre-nosotros\\\/\",\"url\":\"https:\\\/\\\/travelingroup.com\\\/es\\\/sobre-nosotros\\\/\",\"name\":\"Travel in Group \ud83e\udd47 Budgets for Valencia, Barcelona Sobre Nosotros &#183;\",\"isPartOf\":{\"@id\":\"https:\\\/\\\/travelingroup.com\\\/es\\\/#website\"},\"primaryImageOfPage\":{\"@id\":\"https:\\\/\\\/travelingroup.com\\\/es\\\/sobre-nosotros\\\/#primaryimage\"},\"image\":{\"@id\":\"https:\\\/\\\/travelingroup.com\\\/es\\\/sobre-nosotros\\\/#primaryimage\"},\"thumbnailUrl\":\"https:\\\/\\\/travelingroup.com\\\/wp-content\\\/uploads\\\/2021\\\/10\\\/02red-nest-min-1024x1024.png\",\"datePublished\":\"2021-09-24T19:55:32+00:00\",\"dateModified\":\"2022-06-01T13:46:11+00:00\",\"description\":\"Sobre nosotros. Nosotros como equipo para organizar y proporcionar alojamiento para grupos. Organizamos grupos en Barcelona, Valencia y toda Espa\u00f1a\",\"breadcrumb\":{\"@id\":\"https:\\\/\\\/travelingroup.com\\\/es\\\/sobre-nosotros\\\/#breadcrumb\"},\"inLanguage\":\"es\",\"potentialAction\":[{\"@type\":\"ReadAction\",\"target\":[\"https:\\\/\\\/travelingroup.com\\\/es\\\/sobre-nosotros\\\/\"]}]},{\"@type\":\"ImageObject\",\"inLanguage\":\"es\",\"@id\":\"https:\\\/\\\/travelingroup.com\\\/es\\\/sobre-nosotros\\\/#primaryimage\",\"url\":\"https:\\\/\\\/travelingroup.com\\\/wp-content\\\/uploads\\\/2021\\\/10\\\/02red-nest-min-1024x1024.png\",\"contentUrl\":\"https:\\\/\\\/travelingroup.com\\\/wp-content\\\/uploads\\\/2021\\\/10\\\/02red-nest-min-1024x1024.png\"},{\"@type\":\"BreadcrumbList\",\"@id\":\"https:\\\/\\\/travelingroup.com\\\/es\\\/sobre-nosotros\\\/#breadcrumb\",\"itemListElement\":[{\"@type\":\"ListItem\",\"position\":1,\"name\":\"Home\",\"item\":\"https:\\\/\\\/travelingroup.com\\\/es\\\/\"},{\"@type\":\"ListItem\",\"position\":2,\"name\":\"Sobre Nosotros\"}]},{\"@type\":\"WebSite\",\"@id\":\"https:\\\/\\\/travelingroup.com\\\/es\\\/#website\",\"url\":\"https:\\\/\\\/travelingroup.com\\\/es\\\/\",\"name\":\"Travel in Group \ud83e\udd47 Budgets for Valencia, Barcelona\",\"description\":\"Travel in group to Spain. Budgets for Valencia,Barcelona, Seville youth hostels \u2705 Safe \u2705 clean and \u2705 cheapest accommodations\",\"publisher\":{\"@id\":\"https:\\\/\\\/travelingroup.com\\\/es\\\/#organization\"},\"potentialAction\":[{\"@type\":\"SearchAction\",\"target\":{\"@type\":\"EntryPoint\",\"urlTemplate\":\"https:\\\/\\\/travelingroup.com\\\/es\\\/?s={search_term_string}\"},\"query-input\":{\"@type\":\"PropertyValueSpecification\",\"valueRequired\":true,\"valueName\":\"search_term_string\"}}],\"inLanguage\":\"es\"},{\"@type\":\"Organization\",\"@id\":\"https:\\\/\\\/travelingroup.com\\\/es\\\/#organization\",\"name\":\"Travelling in groups to Spain. Budgets for hostels of Valencia, Barcelona\",\"url\":\"https:\\\/\\\/travelingroup.com\\\/es\\\/\",\"logo\":{\"@type\":\"ImageObject\",\"inLanguage\":\"es\",\"@id\":\"https:\\\/\\\/travelingroup.com\\\/es\\\/#\\\/schema\\\/logo\\\/image\\\/\",\"url\":\"\",\"contentUrl\":\"\",\"caption\":\"Travelling in groups to Spain. Budgets for hostels of Valencia, Barcelona\"},\"image\":{\"@id\":\"https:\\\/\\\/travelingroup.com\\\/es\\\/#\\\/schema\\\/logo\\\/image\\\/\"},\"sameAs\":[\"https:\\\/\\\/www.facebook.com\\\/TravelinGroupSpain\",\"https:\\\/\\\/x.com\\\/TravelinGroup\",\"https:\\\/\\\/www.instagram.com\\\/travellingroup\\\/\",\"https:\\\/\\\/www.linkedin.com\\\/company\\\/travelingroup\",\"https:\\\/\\\/www.youtube.com\\\/channel\\\/UCpgLZyj7pdkU5PzZgkSWTHw\"]}]}<\/script>\n<!-- \/ Yoast SEO plugin. -->","yoast_head_json":{"title":"Travel in Group \ud83e\udd47 Budgets for Valencia, Barcelona Sobre Nosotros &#183;","description":"Sobre nosotros. Nosotros como equipo para organizar y proporcionar alojamiento para grupos. Organizamos grupos en Barcelona, Valencia y toda Espa\u00f1a","robots":{"index":"index","follow":"follow","max-snippet":"max-snippet:-1","max-image-preview":"max-image-preview:large","max-video-preview":"max-video-preview:-1"},"canonical":"https:\/\/travelingroup.com\/es\/sobre-nosotros\/","og_locale":"es_ES","og_type":"article","og_title":"About us. We as a team to organize & provide accommodation for groups","og_description":"About us. We as a team to organize & provide accommodation for groups. We organize groups in Barcelona, Valencia and all Spain","og_url":"https:\/\/travelingroup.com\/es\/sobre-nosotros\/","og_site_name":"Travel in Group \ud83e\udd47 Budgets for Valencia, Barcelona","article_publisher":"https:\/\/www.facebook.com\/TravelinGroupSpain","article_modified_time":"2022-06-01T13:46:11+00:00","og_image":[{"width":1920,"height":1000,"url":"https:\/\/travelingroup.com\/wp-content\/uploads\/2021\/10\/header-travelingroup-min.png","type":"image\/png"}],"twitter_card":"summary_large_image","twitter_title":"About us. We as a team to organize & provide accommodation for groups","twitter_description":"About us. We as a team to organize & provide accommodation for groups. We organize groups in Barcelona, Valencia and other cities of Spain","twitter_image":"https:\/\/travelingroup.com\/wp-content\/uploads\/2021\/10\/header-travelingroup-min.png","twitter_site":"@TravelinGroup","twitter_misc":{"Tiempo de lectura":"3 minutos"},"schema":{"@context":"https:\/\/schema.org","@graph":[{"@type":["WebPage","AboutPage"],"@id":"https:\/\/travelingroup.com\/es\/sobre-nosotros\/","url":"https:\/\/travelingroup.com\/es\/sobre-nosotros\/","name":"Travel in Group \ud83e\udd47 Budgets for Valencia, Barcelona Sobre Nosotros &#183;","isPartOf":{"@id":"https:\/\/travelingroup.com\/es\/#website"},"primaryImageOfPage":{"@id":"https:\/\/travelingroup.com\/es\/sobre-nosotros\/#primaryimage"},"image":{"@id":"https:\/\/travelingroup.com\/es\/sobre-nosotros\/#primaryimage"},"thumbnailUrl":"https:\/\/travelingroup.com\/wp-content\/uploads\/2021\/10\/02red-nest-min-1024x1024.png","datePublished":"2021-09-24T19:55:32+00:00","dateModified":"2022-06-01T13:46:11+00:00","description":"Sobre nosotros. Nosotros como equipo para organizar y proporcionar alojamiento para grupos. Organizamos grupos en Barcelona, Valencia y toda Espa\u00f1a","breadcrumb":{"@id":"https:\/\/travelingroup.com\/es\/sobre-nosotros\/#breadcrumb"},"inLanguage":"es","potentialAction":[{"@type":"ReadAction","target":["https:\/\/travelingroup.com\/es\/sobre-nosotros\/"]}]},{"@type":"ImageObject","inLanguage":"es","@id":"https:\/\/travelingroup.com\/es\/sobre-nosotros\/#primaryimage","url":"https:\/\/travelingroup.com\/wp-content\/uploads\/2021\/10\/02red-nest-min-1024x1024.png","contentUrl":"https:\/\/travelingroup.com\/wp-content\/uploads\/2021\/10\/02red-nest-min-1024x1024.png"},{"@type":"BreadcrumbList","@id":"https:\/\/travelingroup.com\/es\/sobre-nosotros\/#breadcrumb","itemListElement":[{"@type":"ListItem","position":1,"name":"Home","item":"https:\/\/travelingroup.com\/es\/"},{"@type":"ListItem","position":2,"name":"Sobre Nosotros"}]},{"@type":"WebSite","@id":"https:\/\/travelingroup.com\/es\/#website","url":"https:\/\/travelingroup.com\/es\/","name":"Travel in Group \ud83e\udd47 Budgets for Valencia, Barcelona","description":"Travel in group to Spain. Budgets for Valencia,Barcelona, Seville youth hostels \u2705 Safe \u2705 clean and \u2705 cheapest accommodations","publisher":{"@id":"https:\/\/travelingroup.com\/es\/#organization"},"potentialAction":[{"@type":"SearchAction","target":{"@type":"EntryPoint","urlTemplate":"https:\/\/travelingroup.com\/es\/?s={search_term_string}"},"query-input":{"@type":"PropertyValueSpecification","valueRequired":true,"valueName":"search_term_string"}}],"inLanguage":"es"},{"@type":"Organization","@id":"https:\/\/travelingroup.com\/es\/#organization","name":"Travelling in groups to Spain. Budgets for hostels of Valencia, Barcelona","url":"https:\/\/travelingroup.com\/es\/","logo":{"@type":"ImageObject","inLanguage":"es","@id":"https:\/\/travelingroup.com\/es\/#\/schema\/logo\/image\/","url":"","contentUrl":"","caption":"Travelling in groups to Spain. Budgets for hostels of Valencia, Barcelona"},"image":{"@id":"https:\/\/travelingroup.com\/es\/#\/schema\/logo\/image\/"},"sameAs":["https:\/\/www.facebook.com\/TravelinGroupSpain","https:\/\/x.com\/TravelinGroup","https:\/\/www.instagram.com\/travellingroup\/","https:\/\/www.linkedin.com\/company\/travelingroup","https:\/\/www.youtube.com\/channel\/UCpgLZyj7pdkU5PzZgkSWTHw"]}]}},"_links":{"self":[{"href":"https:\/\/travelingroup.com\/es\/wp-json\/wp\/v2\/pages\/2942","targetHints":{"allow":["GET"]}}],"collection":[{"href":"https:\/\/travelingroup.com\/es\/wp-json\/wp\/v2\/pages"}],"about":[{"href":"https:\/\/travelingroup.com\/es\/wp-json\/wp\/v2\/types\/page"}],"author":[{"embeddable":true,"href":"https:\/\/travelingroup.com\/es\/wp-json\/wp\/v2\/users\/4"}],"replies":[{"embeddable":true,"href":"https:\/\/travelingroup.com\/es\/wp-json\/wp\/v2\/comments?post=2942"}],"version-history":[{"count":0,"href":"https:\/\/travelingroup.com\/es\/wp-json\/wp\/v2\/pages\/2942\/revisions"}],"wp:attachment":[{"href":"https:\/\/travelingroup.com\/es\/wp-json\/wp\/v2\/media?parent=2942"}],"curies":[{"name":"wp","href":"https:\/\/api.w.org\/{rel}","templated":true}]}}