{"id":2604,"date":"2021-10-19T13:55:51","date_gmt":"2021-10-19T11:55:51","guid":{"rendered":"https:\/\/travelingroup.com\/cookie-policy\/"},"modified":"2022-05-18T11:17:18","modified_gmt":"2022-05-18T09:17:18","slug":"politica-de-cookies","status":"publish","type":"page","link":"https:\/\/travelingroup.com\/es\/politica-de-cookies\/","title":{"rendered":"Pol\u00edtica de Cookies"},"content":{"rendered":"\n<p>Nuestro sitio web utiliza cookies (pol\u00edtica de cookies) para mejorar la experiencia del usuario y facilitar la navegaci\u00f3n. Estamos haciendo todo lo posible para que el uso de dichas cookies sea lo m\u00e1s sencillo posible. Cuando utiliza nuestros servicios, tambi\u00e9n puede administrarlos y controlarlos.<\/p>\n\n\n\n<h2 class=\"wp-block-heading\">\u00bfQu\u00e9 son las cookies? <strong>(pol\u00edtica de cookies)<\/strong><\/h2>\n\n\n\n<p>Las cookies son peque\u00f1os archivos de texto que se guardan en el dispositivo de un usuario cuando visita un sitio web. Adem\u00e1s, el servidor web puede utilizarlo cada vez que acceda a la p\u00e1gina. Las cookies se utilizan para ahorrar tiempo y hacer que la navegaci\u00f3n web sea m\u00e1s eficiente. Desde recordar los detalles de inicio de sesi\u00f3n hasta comprender su orden de compra.<\/p>\n\n\n\n<p>Repasaremos el impacto de varias cookies en el sitio web. Sin embargo, si requiere informaci\u00f3n adicional, por favor visite las siguientes p\u00e1ginas:<\/p>\n\n\n\n<ul class=\"wp-block-list\"><li><a href=\"https:\/\/allaboutcookies.org\/\">https:\/\/allaboutcookies.org\/<\/a><\/li><li><a href=\"https:\/\/www.youronlinechoices.eu\/\n\">https:\/\/www.youronlinechoices.eu\/<\/a><\/li><li><a href=\"https:\/\/www.international-chamber.co.uk\/our-expertise\/digitaleconomy\/\">https:\/\/www.international-chamber.co.uk\/our-expertise\/digitaleconomy\/<\/a><\/li><\/ul>\n\n\n\n<h2 class=\"wp-block-heading\">\u00bfC\u00f3mo utiliza un sitio web las cookies? <strong>(pol\u00edtica de cookies)<\/strong><\/h2>\n\n\n\n<p>Nuestro sitio web solo utilizar\u00e1 las cookies que usted autorice. Las cookies se pueden gestionar a trav\u00e9s de su navegador. M\u00e1s detalles estar\u00e1n disponibles m\u00e1s adelante. Dividimos las cookies que empleamos en varias categor\u00edas utilizando algunas de las gu\u00edas existentes:<\/p>\n\n\n\n<ol class=\"wp-block-list\"><li>Cookies de rendimiento.<\/li><li>Cookies funcionales.<\/li><li>Cookies de marketing.<\/li><\/ol>\n\n\n\n<h3 class=\"wp-block-heading\">1. Cookies de rendimiento<\/h3>\n\n\n\n<p>Estas son cookies que rastrean c\u00f3mo interact\u00faa con el sitio web (por ejemplo, las p\u00e1ginas que visita o si hay un error). Tambi\u00e9n ayuda a localizar y solucionar problemas del sitio web. Todos los datos que recopilan son absolutamente an\u00f3nimos. Tambi\u00e9n nos ayuda a comprender c\u00f3mo funciona nuestro sitio para que podamos realizar los cambios necesarios para facilitar la navegaci\u00f3n.<\/p>\n\n\n\n<p>Estas cookies le permitir\u00e1n:<\/p>\n\n\n\n<ul class=\"wp-block-list\"><li>Permitirle navegar por el sitio<\/li><li>Ese sitio web recopila informaci\u00f3n sobre c\u00f3mo usa el sitio web, para comprender la usabilidad del sitio y para ayudarnos a implementar las mejoras necesarias. O informaci\u00f3n sobre sus preferencias (como sus datos de usuario) m\u00e1s all\u00e1 de esa visita en particular.<\/li><\/ul>\n\n\n\n<h3 class=\"wp-block-heading\">2. Cookies funcionales<\/h3>\n\n\n\n<p>Nuestro objetivo con estas cookies es mejorar la experiencia del usuario en nuestro sitio web. Tiene la opci\u00f3n de deshabilitar dichas cookies en cualquier momento. Nuestro sitio web utiliza estas cookies para recordar ciertas configuraciones o para proporcionar servicios o mensajes que pueden mejorar su experiencia en l\u00ednea. Cuando visita las p\u00e1ginas, recuerdan su pa\u00eds o idioma preferido y no se utilizan con fines de marketing.<\/p>\n\n\n\n<p>Estas cookies le permitir\u00e1n:<\/p>\n\n\n\n<ul class=\"wp-block-list\"><li>Cuando regrese al sitio web, recuerde la informaci\u00f3n de inicio de sesi\u00f3n de su cliente.<\/li><\/ul>\n\n\n\n<p>Estas cookies no recopilar\u00e1n ninguna informaci\u00f3n de identificaci\u00f3n personal sobre usted con fines de marketing. O informaci\u00f3n sobre sus elecciones (como datos de usuario) que se extiende m\u00e1s all\u00e1 de esa visita espec\u00edfica.<\/p>\n\n\n\n<h3 class=\"wp-block-heading\">3. Cookies de marketing<\/h3>\n\n\n\n<p>Puede usar capacidades de terceros para limitar el uso de estas cookies porque son administradas por terceros. A veces, las cookies se utilizan para vincular a otros sitios web que brindan servicios espec\u00edficos, como Facebook, Twitter y Google. Algunas de estas cookies adaptar\u00e1n los anuncios de otros sitios web a sus gustos.<\/p>\n\n\n\n<p>Estas cookies le permitir\u00e1n: adem\u00e1s<\/p>\n\n\n\n<ul class=\"wp-block-list\"><li>Enlace a redes sociales.<\/li><li>Pasar informaci\u00f3n sobre su visita a nuestros sitios web para adaptar anuncios en otras p\u00e1ginas.<\/li><\/ul>\n\n\n\n<p>Adicionalmente, puede aceptar o rechazar el uso de ciertas cookies en el sitio web. Tambi\u00e9n puede controlarlos a trav\u00e9s de la configuraci\u00f3n de su navegador.<\/p>\n\n\n\n<p><a href=\"http:\/\/www.allaboutcookies.org\/manage-cookies\/\">http:\/\/www.allaboutcookies.org\/manage-cookies\/<\/a> es un buen lugar para comenzar a aprender c\u00f3mo hacer esto. Solo leeremos o escribiremos cookies que contengan informaci\u00f3n sobre sus preferencias.<\/p>\n","protected":false},"excerpt":{"rendered":"<p>Nuestro sitio web utiliza cookies (pol\u00edtica de cookies) para mejorar la experiencia del usuario y facilitar la navegaci\u00f3n. Estamos haciendo todo lo posible para que el uso de dichas cookies sea lo m\u00e1s sencillo posible. Cuando utiliza nuestros servicios, tambi\u00e9n puede administrarlos y controlarlos. \u00bfQu\u00e9 son las cookies? (pol\u00edtica de cookies) Las cookies son peque\u00f1os [&hellip;]<\/p>\n","protected":false},"author":4,"featured_media":1901,"parent":0,"menu_order":0,"comment_status":"closed","ping_status":"closed","template":"","meta":{"footnotes":""},"class_list":["post-2604","page","type-page","status-publish","has-post-thumbnail","hentry"],"yoast_head":"<!-- This site is optimized with the Yoast SEO plugin v27.4 - https:\/\/yoast.com\/product\/yoast-seo-wordpress\/ -->\n<title>Travel in Group \ud83e\udd47 Budgets for Valencia, Barcelona Pol\u00edtica de Cookies &#183;<\/title>\n<meta name=\"description\" content=\"Una Pol\u00edtica de Cookies es la pol\u00edtica utilizada para informar a los usuarios sobre el uso de cookies por parte de un sitio web.\" \/>\n<meta name=\"robots\" content=\"index, follow, max-snippet:-1, max-image-preview:large, max-video-preview:-1\" \/>\n<link rel=\"canonical\" href=\"https:\/\/travelingroup.com\/es\/politica-de-cookies\/\" \/>\n<meta property=\"og:locale\" content=\"es_ES\" \/>\n<meta property=\"og:type\" content=\"article\" \/>\n<meta property=\"og:title\" content=\"Cookies policy for Travel in Group https:\/\/travelingroup.com\" \/>\n<meta property=\"og:description\" content=\"Cookies are generally small text files, with identification tags that are stored in the browser directory of your computer\" \/>\n<meta property=\"og:url\" content=\"https:\/\/travelingroup.com\/es\/politica-de-cookies\/\" \/>\n<meta property=\"og:site_name\" content=\"Travel in Group \ud83e\udd47 Budgets for Valencia, Barcelona\" \/>\n<meta property=\"article:publisher\" content=\"https:\/\/www.facebook.com\/TravelinGroupSpain\" \/>\n<meta property=\"article:modified_time\" content=\"2022-05-18T09:17:18+00:00\" \/>\n<meta property=\"og:image\" content=\"https:\/\/travelingroup.com\/wp-content\/uploads\/2021\/10\/cookie-policy.png\" \/>\n\t<meta property=\"og:image:width\" content=\"1920\" \/>\n\t<meta property=\"og:image:height\" content=\"1080\" \/>\n\t<meta property=\"og:image:type\" content=\"image\/png\" \/>\n<meta name=\"twitter:card\" content=\"summary_large_image\" \/>\n<meta name=\"twitter:title\" content=\"Cookies policy for Travel in Group https:\/\/travelingroup.com\" \/>\n<meta name=\"twitter:description\" content=\"Cookies are generally small text files, with identification tags that are stored in the browser directory of your computer\" \/>\n<meta name=\"twitter:image\" content=\"https:\/\/travelingroup.com\/wp-content\/uploads\/2021\/10\/cookie-policy.png\" \/>\n<meta name=\"twitter:site\" content=\"@TravelinGroup\" \/>\n<meta name=\"twitter:label1\" content=\"Tiempo de lectura\" \/>\n\t<meta name=\"twitter:data1\" content=\"3 minutos\" \/>\n<script type=\"application\/ld+json\" class=\"yoast-schema-graph\">{\"@context\":\"https:\\\/\\\/schema.org\",\"@graph\":[{\"@type\":\"WebPage\",\"@id\":\"https:\\\/\\\/travelingroup.com\\\/es\\\/politica-de-cookies\\\/\",\"url\":\"https:\\\/\\\/travelingroup.com\\\/es\\\/politica-de-cookies\\\/\",\"name\":\"Travel in Group \ud83e\udd47 Budgets for Valencia, Barcelona Pol\u00edtica de Cookies &#183;\",\"isPartOf\":{\"@id\":\"https:\\\/\\\/travelingroup.com\\\/es\\\/#website\"},\"primaryImageOfPage\":{\"@id\":\"https:\\\/\\\/travelingroup.com\\\/es\\\/politica-de-cookies\\\/#primaryimage\"},\"image\":{\"@id\":\"https:\\\/\\\/travelingroup.com\\\/es\\\/politica-de-cookies\\\/#primaryimage\"},\"thumbnailUrl\":\"https:\\\/\\\/travelingroup.com\\\/wp-content\\\/uploads\\\/2021\\\/10\\\/cookie-policy.png\",\"datePublished\":\"2021-10-19T11:55:51+00:00\",\"dateModified\":\"2022-05-18T09:17:18+00:00\",\"description\":\"Una Pol\u00edtica de Cookies es la pol\u00edtica utilizada para informar a los usuarios sobre el uso de cookies por parte de un sitio web.\",\"breadcrumb\":{\"@id\":\"https:\\\/\\\/travelingroup.com\\\/es\\\/politica-de-cookies\\\/#breadcrumb\"},\"inLanguage\":\"es\",\"potentialAction\":[{\"@type\":\"ReadAction\",\"target\":[\"https:\\\/\\\/travelingroup.com\\\/es\\\/politica-de-cookies\\\/\"]}]},{\"@type\":\"ImageObject\",\"inLanguage\":\"es\",\"@id\":\"https:\\\/\\\/travelingroup.com\\\/es\\\/politica-de-cookies\\\/#primaryimage\",\"url\":\"https:\\\/\\\/travelingroup.com\\\/wp-content\\\/uploads\\\/2021\\\/10\\\/cookie-policy.png\",\"contentUrl\":\"https:\\\/\\\/travelingroup.com\\\/wp-content\\\/uploads\\\/2021\\\/10\\\/cookie-policy.png\",\"width\":1920,\"height\":1080,\"caption\":\"Cookie Policy\"},{\"@type\":\"BreadcrumbList\",\"@id\":\"https:\\\/\\\/travelingroup.com\\\/es\\\/politica-de-cookies\\\/#breadcrumb\",\"itemListElement\":[{\"@type\":\"ListItem\",\"position\":1,\"name\":\"Home\",\"item\":\"https:\\\/\\\/travelingroup.com\\\/es\\\/\"},{\"@type\":\"ListItem\",\"position\":2,\"name\":\"Pol\u00edtica de Cookies\"}]},{\"@type\":\"WebSite\",\"@id\":\"https:\\\/\\\/travelingroup.com\\\/es\\\/#website\",\"url\":\"https:\\\/\\\/travelingroup.com\\\/es\\\/\",\"name\":\"Travel in Group \ud83e\udd47 Budgets for Valencia, Barcelona\",\"description\":\"Travel in group to Spain. Budgets for Valencia,Barcelona, Seville youth hostels \u2705 Safe \u2705 clean and \u2705 cheapest accommodations\",\"publisher\":{\"@id\":\"https:\\\/\\\/travelingroup.com\\\/es\\\/#organization\"},\"potentialAction\":[{\"@type\":\"SearchAction\",\"target\":{\"@type\":\"EntryPoint\",\"urlTemplate\":\"https:\\\/\\\/travelingroup.com\\\/es\\\/?s={search_term_string}\"},\"query-input\":{\"@type\":\"PropertyValueSpecification\",\"valueRequired\":true,\"valueName\":\"search_term_string\"}}],\"inLanguage\":\"es\"},{\"@type\":\"Organization\",\"@id\":\"https:\\\/\\\/travelingroup.com\\\/es\\\/#organization\",\"name\":\"Travelling in groups to Spain. Budgets for hostels of Valencia, Barcelona\",\"url\":\"https:\\\/\\\/travelingroup.com\\\/es\\\/\",\"logo\":{\"@type\":\"ImageObject\",\"inLanguage\":\"es\",\"@id\":\"https:\\\/\\\/travelingroup.com\\\/es\\\/#\\\/schema\\\/logo\\\/image\\\/\",\"url\":\"\",\"contentUrl\":\"\",\"caption\":\"Travelling in groups to Spain. Budgets for hostels of Valencia, Barcelona\"},\"image\":{\"@id\":\"https:\\\/\\\/travelingroup.com\\\/es\\\/#\\\/schema\\\/logo\\\/image\\\/\"},\"sameAs\":[\"https:\\\/\\\/www.facebook.com\\\/TravelinGroupSpain\",\"https:\\\/\\\/x.com\\\/TravelinGroup\",\"https:\\\/\\\/www.instagram.com\\\/travellingroup\\\/\",\"https:\\\/\\\/www.linkedin.com\\\/company\\\/travelingroup\",\"https:\\\/\\\/www.youtube.com\\\/channel\\\/UCpgLZyj7pdkU5PzZgkSWTHw\"]}]}<\/script>\n<!-- \/ Yoast SEO plugin. -->","yoast_head_json":{"title":"Travel in Group \ud83e\udd47 Budgets for Valencia, Barcelona Pol\u00edtica de Cookies &#183;","description":"Una Pol\u00edtica de Cookies es la pol\u00edtica utilizada para informar a los usuarios sobre el uso de cookies por parte de un sitio web.","robots":{"index":"index","follow":"follow","max-snippet":"max-snippet:-1","max-image-preview":"max-image-preview:large","max-video-preview":"max-video-preview:-1"},"canonical":"https:\/\/travelingroup.com\/es\/politica-de-cookies\/","og_locale":"es_ES","og_type":"article","og_title":"Cookies policy for Travel in Group https:\/\/travelingroup.com","og_description":"Cookies are generally small text files, with identification tags that are stored in the browser directory of your computer","og_url":"https:\/\/travelingroup.com\/es\/politica-de-cookies\/","og_site_name":"Travel in Group \ud83e\udd47 Budgets for Valencia, Barcelona","article_publisher":"https:\/\/www.facebook.com\/TravelinGroupSpain","article_modified_time":"2022-05-18T09:17:18+00:00","og_image":[{"width":1920,"height":1080,"url":"https:\/\/travelingroup.com\/wp-content\/uploads\/2021\/10\/cookie-policy.png","type":"image\/png"}],"twitter_card":"summary_large_image","twitter_title":"Cookies policy for Travel in Group https:\/\/travelingroup.com","twitter_description":"Cookies are generally small text files, with identification tags that are stored in the browser directory of your computer","twitter_image":"https:\/\/travelingroup.com\/wp-content\/uploads\/2021\/10\/cookie-policy.png","twitter_site":"@TravelinGroup","twitter_misc":{"Tiempo de lectura":"3 minutos"},"schema":{"@context":"https:\/\/schema.org","@graph":[{"@type":"WebPage","@id":"https:\/\/travelingroup.com\/es\/politica-de-cookies\/","url":"https:\/\/travelingroup.com\/es\/politica-de-cookies\/","name":"Travel in Group \ud83e\udd47 Budgets for Valencia, Barcelona Pol\u00edtica de Cookies &#183;","isPartOf":{"@id":"https:\/\/travelingroup.com\/es\/#website"},"primaryImageOfPage":{"@id":"https:\/\/travelingroup.com\/es\/politica-de-cookies\/#primaryimage"},"image":{"@id":"https:\/\/travelingroup.com\/es\/politica-de-cookies\/#primaryimage"},"thumbnailUrl":"https:\/\/travelingroup.com\/wp-content\/uploads\/2021\/10\/cookie-policy.png","datePublished":"2021-10-19T11:55:51+00:00","dateModified":"2022-05-18T09:17:18+00:00","description":"Una Pol\u00edtica de Cookies es la pol\u00edtica utilizada para informar a los usuarios sobre el uso de cookies por parte de un sitio web.","breadcrumb":{"@id":"https:\/\/travelingroup.com\/es\/politica-de-cookies\/#breadcrumb"},"inLanguage":"es","potentialAction":[{"@type":"ReadAction","target":["https:\/\/travelingroup.com\/es\/politica-de-cookies\/"]}]},{"@type":"ImageObject","inLanguage":"es","@id":"https:\/\/travelingroup.com\/es\/politica-de-cookies\/#primaryimage","url":"https:\/\/travelingroup.com\/wp-content\/uploads\/2021\/10\/cookie-policy.png","contentUrl":"https:\/\/travelingroup.com\/wp-content\/uploads\/2021\/10\/cookie-policy.png","width":1920,"height":1080,"caption":"Cookie Policy"},{"@type":"BreadcrumbList","@id":"https:\/\/travelingroup.com\/es\/politica-de-cookies\/#breadcrumb","itemListElement":[{"@type":"ListItem","position":1,"name":"Home","item":"https:\/\/travelingroup.com\/es\/"},{"@type":"ListItem","position":2,"name":"Pol\u00edtica de Cookies"}]},{"@type":"WebSite","@id":"https:\/\/travelingroup.com\/es\/#website","url":"https:\/\/travelingroup.com\/es\/","name":"Travel in Group \ud83e\udd47 Budgets for Valencia, Barcelona","description":"Travel in group to Spain. Budgets for Valencia,Barcelona, Seville youth hostels \u2705 Safe \u2705 clean and \u2705 cheapest accommodations","publisher":{"@id":"https:\/\/travelingroup.com\/es\/#organization"},"potentialAction":[{"@type":"SearchAction","target":{"@type":"EntryPoint","urlTemplate":"https:\/\/travelingroup.com\/es\/?s={search_term_string}"},"query-input":{"@type":"PropertyValueSpecification","valueRequired":true,"valueName":"search_term_string"}}],"inLanguage":"es"},{"@type":"Organization","@id":"https:\/\/travelingroup.com\/es\/#organization","name":"Travelling in groups to Spain. Budgets for hostels of Valencia, Barcelona","url":"https:\/\/travelingroup.com\/es\/","logo":{"@type":"ImageObject","inLanguage":"es","@id":"https:\/\/travelingroup.com\/es\/#\/schema\/logo\/image\/","url":"","contentUrl":"","caption":"Travelling in groups to Spain. Budgets for hostels of Valencia, Barcelona"},"image":{"@id":"https:\/\/travelingroup.com\/es\/#\/schema\/logo\/image\/"},"sameAs":["https:\/\/www.facebook.com\/TravelinGroupSpain","https:\/\/x.com\/TravelinGroup","https:\/\/www.instagram.com\/travellingroup\/","https:\/\/www.linkedin.com\/company\/travelingroup","https:\/\/www.youtube.com\/channel\/UCpgLZyj7pdkU5PzZgkSWTHw"]}]}},"_links":{"self":[{"href":"https:\/\/travelingroup.com\/es\/wp-json\/wp\/v2\/pages\/2604","targetHints":{"allow":["GET"]}}],"collection":[{"href":"https:\/\/travelingroup.com\/es\/wp-json\/wp\/v2\/pages"}],"about":[{"href":"https:\/\/travelingroup.com\/es\/wp-json\/wp\/v2\/types\/page"}],"author":[{"embeddable":true,"href":"https:\/\/travelingroup.com\/es\/wp-json\/wp\/v2\/users\/4"}],"replies":[{"embeddable":true,"href":"https:\/\/travelingroup.com\/es\/wp-json\/wp\/v2\/comments?post=2604"}],"version-history":[{"count":0,"href":"https:\/\/travelingroup.com\/es\/wp-json\/wp\/v2\/pages\/2604\/revisions"}],"wp:featuredmedia":[{"embeddable":true,"href":"https:\/\/travelingroup.com\/es\/wp-json\/wp\/v2\/media\/1901"}],"wp:attachment":[{"href":"https:\/\/travelingroup.com\/es\/wp-json\/wp\/v2\/media?parent=2604"}],"curies":[{"name":"wp","href":"https:\/\/api.w.org\/{rel}","templated":true}]}}