{"id":1905,"date":"2021-09-24T21:55:35","date_gmt":"2021-09-24T19:55:35","guid":{"rendered":"https:\/\/travelingroup.com\/casa\/"},"modified":"2023-11-14T17:08:35","modified_gmt":"2023-11-14T16:08:35","slug":"casa","status":"publish","type":"page","link":"https:\/\/travelingroup.com\/es\/","title":{"rendered":"Viajar en grupo"},"content":{"rendered":"\n<h1 class=\"wp-block-heading\">Viajes en grupo \u2764\ufe0f Somos libres, locos y viajeros.<\/h1>\n\n<h2 class=\"wp-block-heading\">Reservar en grupo con nosotros es m\u00e1s f\u00e1cil.<\/h2>\n\n<p>Si buscas un albergue, alojamiento o albergue juvenil para alojar a tu grupo de m\u00e1s de 10 personas, est\u00e1s en el lugar adecuado para reservar. Nuestro equipo de reservas para grupos lo har\u00e1 por usted.<\/p>\n\n<h2 class=\"wp-block-heading\">P\u00f3ngase en contacto con nosotros y reserve el albergue de sus sue\u00f1os.<\/h2>\n\n<h2 class=\"wp-block-heading\">Ofrecemos albergues especiales para j\u00f3venes&#13;\n&#13;\nY Experiencias por Espa\u00f1a.<\/h2>\n\n<p>Te ayudaremos a dise\u00f1ar, organizar, gestionar y disfrutar de la aventura ib\u00e9rica perfecta. Todos los grupos que se han alojado con nosotros han tenido una experiencia excelente visitando Barcelona y Valencia.<\/p>\n\n<p>Nuestro equipo est\u00e1 perfectamente preparado para gestionar y organizar grandes grupos de viajeros.<\/p>\n\n<h2 class=\"wp-block-heading\">Disfruta de incre\u00edbles albergues juveniles por toda Espa\u00f1a con un gran equipo de expertos gestores.<\/h2>\n\n<p>Nuestra principal misi\u00f3n es ofrecer siempre una excelente experiencia local de las mejores ciudades de Espa\u00f1a a viajeros y grupos de viajeros, haci\u00e9ndoles sentir como en casa dentro del albergue y contagiando nuestra pasi\u00f3n por la ciudad fuera de \u00e9l.<\/p>\n\n<p>Tenemos contacto directo con hostales y alojamientos en Barcelona y Valencia, supone un ahorro para tu grupo al evitar los costes por reservas o comisiones generadas por otros canales de venta.<\/p>\n\n<h3 class=\"wp-block-heading\">Suscr\u00edbete a nuestro bolet\u00edn<\/h3>\n\n<h2 class=\"wp-block-heading\">Special discounts<\/h2>\n\n<h2 class=\"wp-block-heading\">Viajar en grupo<\/h2>\n\n<p>Somos tu mejor opci\u00f3n para reservar alojamiento para tu Grupo en las mejores ciudades de Espa\u00f1a&#13;\nConsulta nuestros Albergues para Grupos en Barcelona y Valencia&#13;\nTodos los Albergues Juveniles<\/p>\n\n<h2 class=\"wp-block-heading\">\u00bfPor qu\u00e9 viajar en grupo es la elecci\u00f3n perfecta?<\/h2>\n\n<h2 class=\"wp-block-heading\">01.<\/h2>\n\n<h3 class=\"wp-block-heading\">Precios sin intermediarios<\/h3>\n\n<p>Todos los precios que gestionamos son precios directos con nuestros socios. <\/p>\n\n<h2 class=\"wp-block-heading\">02.<\/h2>\n\n<h3 class=\"wp-block-heading\">Custom reservation By Demand<\/h3>\n\n<p>Te ayudamos a gestionar la reserva de tu grupo al mejor precio online<\/p>\n\n<h2 class=\"wp-block-heading\">03.<\/h2>\n\n<h3 class=\"wp-block-heading\">Obtendr\u00e1s una respuesta r\u00e1pida<\/h3>\n\n<p>Obtendr\u00e1s una respuesta r\u00e1pida con el presupuesto que necesitas<\/p>\n\n<h2 class=\"wp-block-heading\">04.<\/h2>\n\n<h3 class=\"wp-block-heading\">Sin comisiones ni gastos ocultos <\/h3>\n\n<p>No nos gusta que haya sorpresas en los precios finales, sabemos que a ti tampoco.<\/p>\n\n<h2 class=\"wp-block-heading\">Gente estupenda. Albergues incre\u00edbles. Momentos maravillosos.<\/h2>\n\n<h2 class=\"wp-block-heading\">lo que nuestros clientes dicen de nosotros<\/h2>\n\n<h2 class=\"wp-block-heading\">Ofrecemos experiencias al mejor precio para grupos<\/h2>\n","protected":false},"excerpt":{"rendered":"<p>Viajes en grupo \u2764\ufe0f Somos libres, locos y viajeros. Reservar en grupo con nosotros es m\u00e1s f\u00e1cil. Si buscas un albergue, alojamiento o albergue juvenil para alojar a tu grupo de m\u00e1s de 10 personas, est\u00e1s en el lugar adecuado para reservar. Nuestro equipo de reservas para grupos lo har\u00e1 por usted. P\u00f3ngase en contacto [&hellip;]<\/p>\n","protected":false},"author":4,"featured_media":1898,"parent":0,"menu_order":0,"comment_status":"closed","ping_status":"closed","template":"","meta":{"footnotes":""},"class_list":["post-1905","page","type-page","status-publish","has-post-thumbnail","hentry"],"yoast_head":"<!-- This site is optimized with the Yoast SEO plugin v27.4 - https:\/\/yoast.com\/product\/yoast-seo-wordpress\/ -->\n<title>Viajar en Grupo a Espa\u00f1a. Presupuestos para hostales de Valencia, Barcelona<\/title>\n<meta name=\"description\" content=\"Viajar en Grupo a Espa\u00f1a. Presupuestos para albergues juveniles de Valencia, Barcelona, Sevilla. Alojamientos seguros, limpios y econ\u00f3micos para grupos\" \/>\n<meta name=\"robots\" content=\"index, follow, max-snippet:-1, max-image-preview:large, max-video-preview:-1\" \/>\n<link rel=\"canonical\" href=\"https:\/\/travelingroup.com\/es\/\" \/>\n<meta property=\"og:locale\" content=\"es_ES\" \/>\n<meta property=\"og:type\" content=\"article\" \/>\n<meta property=\"og:title\" content=\"Viajar en grupos a Espa\u00f1a. Presupuestos para hostales de Valencia, Barcelona\" \/>\n<meta property=\"og:description\" content=\"Viajar en grupo a Espa\u00f1a. Presupuestos para albergues juveniles de Valencia, Barcelona, Sevilla. Alojamientos seguros, limpios y econ\u00f3micos para grupos\" \/>\n<meta property=\"og:url\" content=\"https:\/\/travelingroup.com\/es\/\" \/>\n<meta property=\"og:site_name\" content=\"Travel in Group \ud83e\udd47 Budgets for Valencia, Barcelona\" \/>\n<meta property=\"article:publisher\" content=\"https:\/\/www.facebook.com\/TravelinGroupSpain\" \/>\n<meta property=\"article:modified_time\" content=\"2023-11-14T16:08:35+00:00\" \/>\n<meta property=\"og:image\" content=\"https:\/\/travelingroup.com\/wp-content\/uploads\/2021\/09\/activities-groups-purple-nest-hostel-valencia.png\" \/>\n<meta name=\"twitter:card\" content=\"summary_large_image\" \/>\n<meta name=\"twitter:title\" content=\"Viajar en grupos a Espa\u00f1a. Presupuestos para hostales de Valencia, Barcelona\" \/>\n<meta name=\"twitter:description\" content=\"Viajar en grupos a Espa\u00f1a. Presupuestos para albergues juveniles de Valencia, Barcelona, Sevilla. Alojamientos seguros, limpios y econ\u00f3micos para grupos\" \/>\n<meta name=\"twitter:image\" content=\"https:\/\/travelingroup.com\/wp-content\/uploads\/2021\/09\/activities-groups-purple-nest-hostel-valencia.png\" \/>\n<meta name=\"twitter:site\" content=\"@TravelinGroup\" \/>\n<meta name=\"twitter:label1\" content=\"Tiempo de lectura\" \/>\n\t<meta name=\"twitter:data1\" content=\"4 minutos\" \/>\n<script type=\"application\/ld+json\" class=\"yoast-schema-graph\">{\"@context\":\"https:\\\/\\\/schema.org\",\"@graph\":[{\"@type\":\"WebPage\",\"@id\":\"https:\\\/\\\/travelingroup.com\\\/es\\\/\",\"url\":\"https:\\\/\\\/travelingroup.com\\\/es\\\/\",\"name\":\"Viajar en Grupo a Espa\u00f1a. Presupuestos para hostales de Valencia, Barcelona\",\"isPartOf\":{\"@id\":\"https:\\\/\\\/travelingroup.com\\\/es\\\/#website\"},\"primaryImageOfPage\":{\"@id\":\"https:\\\/\\\/travelingroup.com\\\/es\\\/#primaryimage\"},\"image\":{\"@id\":\"https:\\\/\\\/travelingroup.com\\\/es\\\/#primaryimage\"},\"thumbnailUrl\":\"https:\\\/\\\/travelingroup.com\\\/wp-content\\\/uploads\\\/2021\\\/10\\\/travelingroup-website.png\",\"datePublished\":\"2021-09-24T19:55:35+00:00\",\"dateModified\":\"2023-11-14T16:08:35+00:00\",\"description\":\"Viajar en Grupo a Espa\u00f1a. Presupuestos para albergues juveniles de Valencia, Barcelona, Sevilla. Alojamientos seguros, limpios y econ\u00f3micos para grupos\",\"breadcrumb\":{\"@id\":\"https:\\\/\\\/travelingroup.com\\\/es\\\/#breadcrumb\"},\"inLanguage\":\"es\",\"potentialAction\":[{\"@type\":\"ReadAction\",\"target\":[\"https:\\\/\\\/travelingroup.com\\\/es\\\/\"]}]},{\"@type\":\"ImageObject\",\"inLanguage\":\"es\",\"@id\":\"https:\\\/\\\/travelingroup.com\\\/es\\\/#primaryimage\",\"url\":\"https:\\\/\\\/travelingroup.com\\\/wp-content\\\/uploads\\\/2021\\\/10\\\/travelingroup-website.png\",\"contentUrl\":\"https:\\\/\\\/travelingroup.com\\\/wp-content\\\/uploads\\\/2021\\\/10\\\/travelingroup-website.png\",\"width\":1920,\"height\":1080,\"caption\":\"Travel in Group by Feet Up Hostels\"},{\"@type\":\"BreadcrumbList\",\"@id\":\"https:\\\/\\\/travelingroup.com\\\/es\\\/#breadcrumb\",\"itemListElement\":[{\"@type\":\"ListItem\",\"position\":1,\"name\":\"Home\",\"item\":\"https:\\\/\\\/travelingroup.com\\\/es\\\/\"},{\"@type\":\"ListItem\",\"position\":2,\"name\":\"Viajar en grupo\"}]},{\"@type\":\"WebSite\",\"@id\":\"https:\\\/\\\/travelingroup.com\\\/es\\\/#website\",\"url\":\"https:\\\/\\\/travelingroup.com\\\/es\\\/\",\"name\":\"Travel in Group \ud83e\udd47 Budgets for Valencia, Barcelona\",\"description\":\"Travel in group to Spain. Budgets for Valencia,Barcelona, Seville youth hostels \u2705 Safe \u2705 clean and \u2705 cheapest accommodations\",\"publisher\":{\"@id\":\"https:\\\/\\\/travelingroup.com\\\/es\\\/#organization\"},\"potentialAction\":[{\"@type\":\"SearchAction\",\"target\":{\"@type\":\"EntryPoint\",\"urlTemplate\":\"https:\\\/\\\/travelingroup.com\\\/es\\\/?s={search_term_string}\"},\"query-input\":{\"@type\":\"PropertyValueSpecification\",\"valueRequired\":true,\"valueName\":\"search_term_string\"}}],\"inLanguage\":\"es\"},{\"@type\":\"Organization\",\"@id\":\"https:\\\/\\\/travelingroup.com\\\/es\\\/#organization\",\"name\":\"Travelling in groups to Spain. Budgets for hostels of Valencia, Barcelona\",\"url\":\"https:\\\/\\\/travelingroup.com\\\/es\\\/\",\"logo\":{\"@type\":\"ImageObject\",\"inLanguage\":\"es\",\"@id\":\"https:\\\/\\\/travelingroup.com\\\/es\\\/#\\\/schema\\\/logo\\\/image\\\/\",\"url\":\"\",\"contentUrl\":\"\",\"caption\":\"Travelling in groups to Spain. Budgets for hostels of Valencia, Barcelona\"},\"image\":{\"@id\":\"https:\\\/\\\/travelingroup.com\\\/es\\\/#\\\/schema\\\/logo\\\/image\\\/\"},\"sameAs\":[\"https:\\\/\\\/www.facebook.com\\\/TravelinGroupSpain\",\"https:\\\/\\\/x.com\\\/TravelinGroup\",\"https:\\\/\\\/www.instagram.com\\\/travellingroup\\\/\",\"https:\\\/\\\/www.linkedin.com\\\/company\\\/travelingroup\",\"https:\\\/\\\/www.youtube.com\\\/channel\\\/UCpgLZyj7pdkU5PzZgkSWTHw\"]}]}<\/script>\n<!-- \/ Yoast SEO plugin. -->","yoast_head_json":{"title":"Viajar en Grupo a Espa\u00f1a. Presupuestos para hostales de Valencia, Barcelona","description":"Viajar en Grupo a Espa\u00f1a. Presupuestos para albergues juveniles de Valencia, Barcelona, Sevilla. Alojamientos seguros, limpios y econ\u00f3micos para grupos","robots":{"index":"index","follow":"follow","max-snippet":"max-snippet:-1","max-image-preview":"max-image-preview:large","max-video-preview":"max-video-preview:-1"},"canonical":"https:\/\/travelingroup.com\/es\/","og_locale":"es_ES","og_type":"article","og_title":"Viajar en grupos a Espa\u00f1a. Presupuestos para hostales de Valencia, Barcelona","og_description":"Viajar en grupo a Espa\u00f1a. Presupuestos para albergues juveniles de Valencia, Barcelona, Sevilla. Alojamientos seguros, limpios y econ\u00f3micos para grupos","og_url":"https:\/\/travelingroup.com\/es\/","og_site_name":"Travel in Group \ud83e\udd47 Budgets for Valencia, Barcelona","article_publisher":"https:\/\/www.facebook.com\/TravelinGroupSpain","article_modified_time":"2023-11-14T16:08:35+00:00","og_image":[{"url":"https:\/\/travelingroup.com\/wp-content\/uploads\/2021\/09\/activities-groups-purple-nest-hostel-valencia.png","type":"","width":"","height":""}],"twitter_card":"summary_large_image","twitter_title":"Viajar en grupos a Espa\u00f1a. Presupuestos para hostales de Valencia, Barcelona","twitter_description":"Viajar en grupos a Espa\u00f1a. Presupuestos para albergues juveniles de Valencia, Barcelona, Sevilla. Alojamientos seguros, limpios y econ\u00f3micos para grupos","twitter_image":"https:\/\/travelingroup.com\/wp-content\/uploads\/2021\/09\/activities-groups-purple-nest-hostel-valencia.png","twitter_site":"@TravelinGroup","twitter_misc":{"Tiempo de lectura":"4 minutos"},"schema":{"@context":"https:\/\/schema.org","@graph":[{"@type":"WebPage","@id":"https:\/\/travelingroup.com\/es\/","url":"https:\/\/travelingroup.com\/es\/","name":"Viajar en Grupo a Espa\u00f1a. Presupuestos para hostales de Valencia, Barcelona","isPartOf":{"@id":"https:\/\/travelingroup.com\/es\/#website"},"primaryImageOfPage":{"@id":"https:\/\/travelingroup.com\/es\/#primaryimage"},"image":{"@id":"https:\/\/travelingroup.com\/es\/#primaryimage"},"thumbnailUrl":"https:\/\/travelingroup.com\/wp-content\/uploads\/2021\/10\/travelingroup-website.png","datePublished":"2021-09-24T19:55:35+00:00","dateModified":"2023-11-14T16:08:35+00:00","description":"Viajar en Grupo a Espa\u00f1a. Presupuestos para albergues juveniles de Valencia, Barcelona, Sevilla. Alojamientos seguros, limpios y econ\u00f3micos para grupos","breadcrumb":{"@id":"https:\/\/travelingroup.com\/es\/#breadcrumb"},"inLanguage":"es","potentialAction":[{"@type":"ReadAction","target":["https:\/\/travelingroup.com\/es\/"]}]},{"@type":"ImageObject","inLanguage":"es","@id":"https:\/\/travelingroup.com\/es\/#primaryimage","url":"https:\/\/travelingroup.com\/wp-content\/uploads\/2021\/10\/travelingroup-website.png","contentUrl":"https:\/\/travelingroup.com\/wp-content\/uploads\/2021\/10\/travelingroup-website.png","width":1920,"height":1080,"caption":"Travel in Group by Feet Up Hostels"},{"@type":"BreadcrumbList","@id":"https:\/\/travelingroup.com\/es\/#breadcrumb","itemListElement":[{"@type":"ListItem","position":1,"name":"Home","item":"https:\/\/travelingroup.com\/es\/"},{"@type":"ListItem","position":2,"name":"Viajar en grupo"}]},{"@type":"WebSite","@id":"https:\/\/travelingroup.com\/es\/#website","url":"https:\/\/travelingroup.com\/es\/","name":"Travel in Group \ud83e\udd47 Budgets for Valencia, Barcelona","description":"Travel in group to Spain. Budgets for Valencia,Barcelona, Seville youth hostels \u2705 Safe \u2705 clean and \u2705 cheapest accommodations","publisher":{"@id":"https:\/\/travelingroup.com\/es\/#organization"},"potentialAction":[{"@type":"SearchAction","target":{"@type":"EntryPoint","urlTemplate":"https:\/\/travelingroup.com\/es\/?s={search_term_string}"},"query-input":{"@type":"PropertyValueSpecification","valueRequired":true,"valueName":"search_term_string"}}],"inLanguage":"es"},{"@type":"Organization","@id":"https:\/\/travelingroup.com\/es\/#organization","name":"Travelling in groups to Spain. Budgets for hostels of Valencia, Barcelona","url":"https:\/\/travelingroup.com\/es\/","logo":{"@type":"ImageObject","inLanguage":"es","@id":"https:\/\/travelingroup.com\/es\/#\/schema\/logo\/image\/","url":"","contentUrl":"","caption":"Travelling in groups to Spain. Budgets for hostels of Valencia, Barcelona"},"image":{"@id":"https:\/\/travelingroup.com\/es\/#\/schema\/logo\/image\/"},"sameAs":["https:\/\/www.facebook.com\/TravelinGroupSpain","https:\/\/x.com\/TravelinGroup","https:\/\/www.instagram.com\/travellingroup\/","https:\/\/www.linkedin.com\/company\/travelingroup","https:\/\/www.youtube.com\/channel\/UCpgLZyj7pdkU5PzZgkSWTHw"]}]}},"_links":{"self":[{"href":"https:\/\/travelingroup.com\/es\/wp-json\/wp\/v2\/pages\/1905","targetHints":{"allow":["GET"]}}],"collection":[{"href":"https:\/\/travelingroup.com\/es\/wp-json\/wp\/v2\/pages"}],"about":[{"href":"https:\/\/travelingroup.com\/es\/wp-json\/wp\/v2\/types\/page"}],"author":[{"embeddable":true,"href":"https:\/\/travelingroup.com\/es\/wp-json\/wp\/v2\/users\/4"}],"replies":[{"embeddable":true,"href":"https:\/\/travelingroup.com\/es\/wp-json\/wp\/v2\/comments?post=1905"}],"version-history":[{"count":0,"href":"https:\/\/travelingroup.com\/es\/wp-json\/wp\/v2\/pages\/1905\/revisions"}],"wp:featuredmedia":[{"embeddable":true,"href":"https:\/\/travelingroup.com\/es\/wp-json\/wp\/v2\/media\/1898"}],"wp:attachment":[{"href":"https:\/\/travelingroup.com\/es\/wp-json\/wp\/v2\/media?parent=1905"}],"curies":[{"name":"wp","href":"https:\/\/api.w.org\/{rel}","templated":true}]}}